{"id":394,"date":"2023-02-13T14:20:50","date_gmt":"2023-02-13T14:20:50","guid":{"rendered":"https:\/\/sitedemosu.com.tr\/istanbulcevre\/?page_id=394"},"modified":"2023-02-14T07:25:39","modified_gmt":"2023-02-14T07:25:39","slug":"cevre-altyapi","status":"publish","type":"page","link":"https:\/\/istanbulcevre.com\/en\/cevre-altyapi\/","title":{"rendered":"Env\u0131ronment&amp; Infrastructure"},"content":{"rendered":"<div data-elementor-type=\"wp-page\" data-elementor-id=\"394\" class=\"elementor elementor-394\">\n\t\t\t\t\t\t\t\t\t<section class=\"elementor-section elementor-top-section elementor-element elementor-element-6a3a3eb tm-column-break-ipad-no tm-col-stretched-none elementor-section-boxed elementor-section-height-default elementor-section-height-default\" data-id=\"6a3a3eb\" data-element_type=\"section\">\n\t\t\t\t\t\t<div class=\"elementor-container elementor-column-gap-default\">\n\t\t\t\t\t<div class=\"elementor-column elementor-col-50 elementor-top-column elementor-element elementor-element-632d810\" data-id=\"632d810\" data-element_type=\"column\">\n\t\t\t<div class=\"elementor-widget-wrap elementor-element-populated\">\n\t\t\t\t\t\t\t\t<div class=\"elementor-element elementor-element-a47f479 elementor-widget elementor-widget-image\" data-id=\"a47f479\" data-element_type=\"widget\" data-widget_type=\"image.default\">\n\t\t\t\t<div class=\"elementor-widget-container\">\n\t\t\t<style>\/*! elementor - v3.10.2 - 29-01-2023 *\/\n.elementor-widget-image{text-align:center}.elementor-widget-image a{display:inline-block}.elementor-widget-image a img[src$=\".svg\"]{width:48px}.elementor-widget-image img{vertical-align:middle;display:inline-block}<\/style>\t\t\t\t\t\t\t\t\t\t\t\t<img loading=\"lazy\" decoding=\"async\" width=\"847\" height=\"565\" src=\"https:\/\/istanbulcevre.com\/wp-content\/uploads\/2023\/02\/istanbulcevre-3-1024x683-1.jpg\" class=\"attachment-large size-large wp-image-449\" alt=\"\" srcset=\"https:\/\/istanbulcevre.com\/wp-content\/uploads\/2023\/02\/istanbulcevre-3-1024x683-1.jpg 1024w, https:\/\/istanbulcevre.com\/wp-content\/uploads\/2023\/02\/istanbulcevre-3-1024x683-1-300x200.jpg 300w, https:\/\/istanbulcevre.com\/wp-content\/uploads\/2023\/02\/istanbulcevre-3-1024x683-1-768x512.jpg 768w, https:\/\/istanbulcevre.com\/wp-content\/uploads\/2023\/02\/istanbulcevre-3-1024x683-1-450x300.jpg 450w, https:\/\/istanbulcevre.com\/wp-content\/uploads\/2023\/02\/istanbulcevre-3-1024x683-1-650x434.jpg 650w\" sizes=\"auto, (max-width: 847px) 100vw, 847px\" data-id=\"449\" \/>\t\t\t\t\t\t\t\t\t\t\t\t\t\t\t<\/div>\n\t\t\t\t<\/div>\n\t\t\t\t\t<\/div>\n\t\t<\/div>\n\t\t\t\t<div class=\"elementor-column elementor-col-50 elementor-top-column elementor-element elementor-element-7899bcd\" data-id=\"7899bcd\" data-element_type=\"column\">\n\t\t\t<div class=\"elementor-widget-wrap elementor-element-populated\">\n\t\t\t\t\t\t\t\t<div class=\"elementor-element elementor-element-4483e84 elementor-widget elementor-widget-tm_icon_heading\" data-id=\"4483e84\" data-element_type=\"widget\" data-widget_type=\"tm_icon_heading.default\">\n\t\t\t\t<div class=\"elementor-widget-container\">\n\t\t\t\n<div class=\"themetechmount-iconbox themetechmount-iconbox-stylesix themetechmount-iconcolor-skincolor\">\n<div class=\"themetechmount-iconbox-inner\">\n\t\t<div class=\"tm-iconbox-wrapper\">\n\t\t\t<div class=\"themetechmount-iconbox-icon\">\n\t\t\t<div class=\"tm-box-icon\"><i class=\"kw_inoterior flaticon-work-done\"><\/i><\/div>\t\t\t<\/div>\n\t\t\t<div class=\"themetechmount-iconbox-heading\">\n\t\t\t\t<h2 class=\"tm-custom-heading\">\n\t\t\t\t\t\n\t\t\t\t\t\tENVIRONMENT&amp; INFRASTRUCTURE\n\t\t\t\t\t\n\t\t\t\t\t<\/h2>\n\t\t\t\t\t\t\t\t<h4 class=\"tm-element-subheading\">\n\t\t\t\t\t\n\t\t\t\t\t\t\n\n\t\t\t\t\t\n\t\t\t\t\t<\/h4>\n\t\t\t\t\t\t\t\t<div class=\"tm-cta3-content-wrapper\">\u2022\tWastewater Treatment Plant<br>\n\u2022\tDrinking Water Treatment Plant<br>\n\u2022\tWater Transmission Line<br>\n\u2022\tDrinking Water Distrubution<br>\n\u2022\tSewerage Network<br>\n\u2022\tUF &amp; RO Advanced Treatment<br>\n\u2022\tIndustrial Process Water Production<br>\n\u2022\tWastewater Recycling &amp; Reuse<br>\n\u2022\tPond and Irrigation Systems<\/div>\t\t\t\t\t\t\t<\/div>\t\n\t\t<\/div>\n\t<\/div>\t\n\n<\/div>\n\t\t<\/div>\n\t\t\t\t<\/div>\n\t\t\t\t\t<\/div>\n\t\t<\/div>\n\t\t\t\t\t\t\t<\/div>\n\t\t<\/section>\n\t\t\t\t\t\t\t<\/div>","protected":false},"excerpt":{"rendered":"<p>\u00c7EVRE &amp; ALTYAPI \u2022 At\u0131ksu Ar\u0131tma Tesisleri \u2022 \u0130\u00e7me Suyu Ar\u0131tma Tesisleri \u2022 \u0130sale Hatt\u0131 Sistemleri \u2022 \u0130\u00e7me Suyu \u015eebekesi Sistemleri \u2022 Kanalizasyon \u015eebekesi Sistemleri \u2022 UF &amp; RO \u0130leri Ar\u0131tma Sistemleri \u2022 End\u00fcstriyel Proses Suyu \u00dcretimi Sistemleri \u2022 At\u0131ksu Geri Kazan\u0131m Tesisleri \u2022 G\u00f6let ve Sulama Sistemleri<\/p>","protected":false},"author":1,"featured_media":0,"parent":0,"menu_order":0,"comment_status":"closed","ping_status":"closed","template":"","meta":{"footnotes":""},"class_list":["post-394","page","type-page","status-publish","hentry"],"_links":{"self":[{"href":"https:\/\/istanbulcevre.com\/en\/wp-json\/wp\/v2\/pages\/394","targetHints":{"allow":["GET"]}}],"collection":[{"href":"https:\/\/istanbulcevre.com\/en\/wp-json\/wp\/v2\/pages"}],"about":[{"href":"https:\/\/istanbulcevre.com\/en\/wp-json\/wp\/v2\/types\/page"}],"author":[{"embeddable":true,"href":"https:\/\/istanbulcevre.com\/en\/wp-json\/wp\/v2\/users\/1"}],"replies":[{"embeddable":true,"href":"https:\/\/istanbulcevre.com\/en\/wp-json\/wp\/v2\/comments?post=394"}],"version-history":[{"count":8,"href":"https:\/\/istanbulcevre.com\/en\/wp-json\/wp\/v2\/pages\/394\/revisions"}],"predecessor-version":[{"id":452,"href":"https:\/\/istanbulcevre.com\/en\/wp-json\/wp\/v2\/pages\/394\/revisions\/452"}],"wp:attachment":[{"href":"https:\/\/istanbulcevre.com\/en\/wp-json\/wp\/v2\/media?parent=394"}],"curies":[{"name":"wp","href":"https:\/\/api.w.org\/{rel}","templated":true}]}}