{"id":377,"date":"2023-02-13T14:14:23","date_gmt":"2023-02-13T14:14:23","guid":{"rendered":"https:\/\/sitedemosu.com.tr\/istanbulcevre\/?page_id=377"},"modified":"2023-02-14T07:46:55","modified_gmt":"2023-02-14T07:46:55","slug":"sertifikasyon","status":"publish","type":"page","link":"https:\/\/istanbulcevre.com\/en\/sertifikasyon\/","title":{"rendered":"Certification"},"content":{"rendered":"<div data-elementor-type=\"wp-page\" data-elementor-id=\"377\" class=\"elementor elementor-377\">\n\t\t\t\t\t\t\t\t\t<section class=\"elementor-section elementor-top-section elementor-element elementor-element-146f4f9 elementor-section-stretched tm-column-break-ipad-no tm-col-stretched-none elementor-section-boxed elementor-section-height-default elementor-section-height-default\" data-id=\"146f4f9\" data-element_type=\"section\" data-settings=\"{&quot;stretch_section&quot;:&quot;section-stretched&quot;,&quot;background_background&quot;:&quot;classic&quot;}\">\n\t\t\t\t\t\t\t<div class=\"elementor-background-overlay\"><\/div>\n\t\t\t\t\t\t\t<div class=\"elementor-container elementor-column-gap-default\">\n\t\t\t\t\t<div class=\"elementor-column elementor-col-100 elementor-top-column elementor-element elementor-element-bf9aafa\" data-id=\"bf9aafa\" data-element_type=\"column\">\n\t\t\t<div class=\"elementor-widget-wrap elementor-element-populated\">\n\t\t\t\t\t\t\t\t<div class=\"elementor-element elementor-element-e63dbe4 gallery-spacing-custom elementor-widget elementor-widget-image-gallery\" data-id=\"e63dbe4\" data-element_type=\"widget\" data-widget_type=\"image-gallery.default\">\n\t\t\t\t<div class=\"elementor-widget-container\">\n\t\t\t<style>\/*! elementor - v3.10.2 - 29-01-2023 *\/\n.elementor-image-gallery .gallery-item{display:inline-block;text-align:center;vertical-align:top;width:100%;max-width:100%;margin:0 auto}.elementor-image-gallery .gallery-item img{margin:0 auto}.elementor-image-gallery .gallery-item .gallery-caption{margin:0}.elementor-image-gallery figure img{display:block}.elementor-image-gallery figure figcaption{width:100%}.gallery-spacing-custom .elementor-image-gallery .gallery-icon{padding:0}@media (min-width:768px){.elementor-image-gallery .gallery-columns-2 .gallery-item{max-width:50%}.elementor-image-gallery .gallery-columns-3 .gallery-item{max-width:33.33%}.elementor-image-gallery .gallery-columns-4 .gallery-item{max-width:25%}.elementor-image-gallery .gallery-columns-5 .gallery-item{max-width:20%}.elementor-image-gallery .gallery-columns-6 .gallery-item{max-width:16.666%}.elementor-image-gallery .gallery-columns-7 .gallery-item{max-width:14.28%}.elementor-image-gallery .gallery-columns-8 .gallery-item{max-width:12.5%}.elementor-image-gallery .gallery-columns-9 .gallery-item{max-width:11.11%}.elementor-image-gallery .gallery-columns-10 .gallery-item{max-width:10%}}@media (min-width:480px) and (max-width:767px){.elementor-image-gallery .gallery.gallery-columns-2 .gallery-item,.elementor-image-gallery .gallery.gallery-columns-3 .gallery-item,.elementor-image-gallery .gallery.gallery-columns-4 .gallery-item,.elementor-image-gallery .gallery.gallery-columns-5 .gallery-item,.elementor-image-gallery .gallery.gallery-columns-6 .gallery-item,.elementor-image-gallery .gallery.gallery-columns-7 .gallery-item,.elementor-image-gallery .gallery.gallery-columns-8 .gallery-item,.elementor-image-gallery .gallery.gallery-columns-9 .gallery-item,.elementor-image-gallery .gallery.gallery-columns-10 .gallery-item{max-width:50%}}@media (max-width:479px){.elementor-image-gallery .gallery.gallery-columns-2 .gallery-item,.elementor-image-gallery .gallery.gallery-columns-3 .gallery-item,.elementor-image-gallery .gallery.gallery-columns-4 .gallery-item,.elementor-image-gallery .gallery.gallery-columns-5 .gallery-item,.elementor-image-gallery .gallery.gallery-columns-6 .gallery-item,.elementor-image-gallery .gallery.gallery-columns-7 .gallery-item,.elementor-image-gallery .gallery.gallery-columns-8 .gallery-item,.elementor-image-gallery .gallery.gallery-columns-9 .gallery-item,.elementor-image-gallery .gallery.gallery-columns-10 .gallery-item{max-width:100%}}<\/style>\t\t<div class=\"elementor-image-gallery\">\n\t\t\t<div id='gallery-1' class='gallery galleryid-377 gallery-columns-4 gallery-size-full'><figure class='gallery-item'>\n\t\t\t<div class='gallery-icon portrait'>\n\t\t\t\t<a data-elementor-open-lightbox=\"yes\" data-elementor-lightbox-slideshow=\"e63dbe4\" data-elementor-lightbox-title=\"23-YAYLACI YAPI 45001 ENG CAS1024_1\" e-action-hash=\"#elementor-action%3Aaction%3Dlightbox%26settings%3DeyJpZCI6NDU4LCJ1cmwiOiJodHRwczpcL1wvaXN0YW5idWxjZXZyZS5jb21cL3dwLWNvbnRlbnRcL3VwbG9hZHNcLzIwMjNcLzAyXC8yMy1ZQVlMQUNJLVlBUEktNDUwMDEtRU5HLUNBUzEwMjRfMS5qcGciLCJzbGlkZXNob3ciOiJlNjNkYmU0In0%3D\" href='https:\/\/istanbulcevre.com\/wp-content\/uploads\/2023\/02\/23-YAYLACI-YAPI-45001-ENG-CAS1024_1.jpg'><img loading=\"lazy\" decoding=\"async\" width=\"725\" height=\"1024\" src=\"https:\/\/istanbulcevre.com\/wp-content\/uploads\/2023\/02\/23-YAYLACI-YAPI-45001-ENG-CAS1024_1.jpg\" class=\"attachment-full size-full\" alt=\"\" srcset=\"https:\/\/istanbulcevre.com\/wp-content\/uploads\/2023\/02\/23-YAYLACI-YAPI-45001-ENG-CAS1024_1.jpg 725w, https:\/\/istanbulcevre.com\/wp-content\/uploads\/2023\/02\/23-YAYLACI-YAPI-45001-ENG-CAS1024_1-212x300.jpg 212w, https:\/\/istanbulcevre.com\/wp-content\/uploads\/2023\/02\/23-YAYLACI-YAPI-45001-ENG-CAS1024_1-361x510.jpg 361w\" sizes=\"auto, (max-width: 725px) 100vw, 725px\" data-id=\"458\" \/><\/a>\n\t\t\t<\/div><\/figure><figure class='gallery-item'>\n\t\t\t<div class='gallery-icon portrait'>\n\t\t\t\t<a data-elementor-open-lightbox=\"yes\" data-elementor-lightbox-slideshow=\"e63dbe4\" data-elementor-lightbox-title=\"18-YAYLACI YAPI 9001 (1)_page-0001\" e-action-hash=\"#elementor-action%3Aaction%3Dlightbox%26settings%3DeyJpZCI6NDU5LCJ1cmwiOiJodHRwczpcL1wvaXN0YW5idWxjZXZyZS5jb21cL3dwLWNvbnRlbnRcL3VwbG9hZHNcLzIwMjNcLzAyXC8xOC1ZQVlMQUNJLVlBUEktOTAwMS0xX3BhZ2UtMDAwMS5qcGciLCJzbGlkZXNob3ciOiJlNjNkYmU0In0%3D\" href='https:\/\/istanbulcevre.com\/wp-content\/uploads\/2023\/02\/18-YAYLACI-YAPI-9001-1_page-0001.jpg'><img loading=\"lazy\" decoding=\"async\" width=\"1241\" height=\"1755\" src=\"https:\/\/istanbulcevre.com\/wp-content\/uploads\/2023\/02\/18-YAYLACI-YAPI-9001-1_page-0001.jpg\" class=\"attachment-full size-full\" alt=\"\" srcset=\"https:\/\/istanbulcevre.com\/wp-content\/uploads\/2023\/02\/18-YAYLACI-YAPI-9001-1_page-0001.jpg 1241w, https:\/\/istanbulcevre.com\/wp-content\/uploads\/2023\/02\/18-YAYLACI-YAPI-9001-1_page-0001-212x300.jpg 212w, https:\/\/istanbulcevre.com\/wp-content\/uploads\/2023\/02\/18-YAYLACI-YAPI-9001-1_page-0001-724x1024.jpg 724w, https:\/\/istanbulcevre.com\/wp-content\/uploads\/2023\/02\/18-YAYLACI-YAPI-9001-1_page-0001-768x1086.jpg 768w, https:\/\/istanbulcevre.com\/wp-content\/uploads\/2023\/02\/18-YAYLACI-YAPI-9001-1_page-0001-1086x1536.jpg 1086w, https:\/\/istanbulcevre.com\/wp-content\/uploads\/2023\/02\/18-YAYLACI-YAPI-9001-1_page-0001-361x510.jpg 361w\" sizes=\"auto, (max-width: 1241px) 100vw, 1241px\" data-id=\"459\" \/><\/a>\n\t\t\t<\/div><\/figure><figure class='gallery-item'>\n\t\t\t<div class='gallery-icon portrait'>\n\t\t\t\t<a data-elementor-open-lightbox=\"yes\" data-elementor-lightbox-slideshow=\"e63dbe4\" data-elementor-lightbox-title=\"19-YAYLACI YAPI 9001 ENG_page-0001\" e-action-hash=\"#elementor-action%3Aaction%3Dlightbox%26settings%3DeyJpZCI6NDYwLCJ1cmwiOiJodHRwczpcL1wvaXN0YW5idWxjZXZyZS5jb21cL3dwLWNvbnRlbnRcL3VwbG9hZHNcLzIwMjNcLzAyXC8xOS1ZQVlMQUNJLVlBUEktOTAwMS1FTkdfcGFnZS0wMDAxLmpwZyIsInNsaWRlc2hvdyI6ImU2M2RiZTQifQ%3D%3D\" href='https:\/\/istanbulcevre.com\/wp-content\/uploads\/2023\/02\/19-YAYLACI-YAPI-9001-ENG_page-0001.jpg'><img loading=\"lazy\" decoding=\"async\" width=\"1241\" height=\"1755\" src=\"https:\/\/istanbulcevre.com\/wp-content\/uploads\/2023\/02\/19-YAYLACI-YAPI-9001-ENG_page-0001.jpg\" class=\"attachment-full size-full\" alt=\"\" srcset=\"https:\/\/istanbulcevre.com\/wp-content\/uploads\/2023\/02\/19-YAYLACI-YAPI-9001-ENG_page-0001.jpg 1241w, https:\/\/istanbulcevre.com\/wp-content\/uploads\/2023\/02\/19-YAYLACI-YAPI-9001-ENG_page-0001-212x300.jpg 212w, https:\/\/istanbulcevre.com\/wp-content\/uploads\/2023\/02\/19-YAYLACI-YAPI-9001-ENG_page-0001-724x1024.jpg 724w, https:\/\/istanbulcevre.com\/wp-content\/uploads\/2023\/02\/19-YAYLACI-YAPI-9001-ENG_page-0001-768x1086.jpg 768w, https:\/\/istanbulcevre.com\/wp-content\/uploads\/2023\/02\/19-YAYLACI-YAPI-9001-ENG_page-0001-1086x1536.jpg 1086w, https:\/\/istanbulcevre.com\/wp-content\/uploads\/2023\/02\/19-YAYLACI-YAPI-9001-ENG_page-0001-361x510.jpg 361w\" sizes=\"auto, (max-width: 1241px) 100vw, 1241px\" data-id=\"460\" \/><\/a>\n\t\t\t<\/div><\/figure><figure class='gallery-item'>\n\t\t\t<div class='gallery-icon portrait'>\n\t\t\t\t<a data-elementor-open-lightbox=\"yes\" data-elementor-lightbox-slideshow=\"e63dbe4\" data-elementor-lightbox-title=\"20-YAYLACI YAPI 1400_page-0001\" e-action-hash=\"#elementor-action%3Aaction%3Dlightbox%26settings%3DeyJpZCI6NDYxLCJ1cmwiOiJodHRwczpcL1wvaXN0YW5idWxjZXZyZS5jb21cL3dwLWNvbnRlbnRcL3VwbG9hZHNcLzIwMjNcLzAyXC8yMC1ZQVlMQUNJLVlBUEktMTQwMF9wYWdlLTAwMDEuanBnIiwic2xpZGVzaG93IjoiZTYzZGJlNCJ9\" href='https:\/\/istanbulcevre.com\/wp-content\/uploads\/2023\/02\/20-YAYLACI-YAPI-1400_page-0001.jpg'><img loading=\"lazy\" decoding=\"async\" width=\"1241\" height=\"1755\" src=\"https:\/\/istanbulcevre.com\/wp-content\/uploads\/2023\/02\/20-YAYLACI-YAPI-1400_page-0001.jpg\" class=\"attachment-full size-full\" alt=\"\" srcset=\"https:\/\/istanbulcevre.com\/wp-content\/uploads\/2023\/02\/20-YAYLACI-YAPI-1400_page-0001.jpg 1241w, https:\/\/istanbulcevre.com\/wp-content\/uploads\/2023\/02\/20-YAYLACI-YAPI-1400_page-0001-212x300.jpg 212w, https:\/\/istanbulcevre.com\/wp-content\/uploads\/2023\/02\/20-YAYLACI-YAPI-1400_page-0001-724x1024.jpg 724w, https:\/\/istanbulcevre.com\/wp-content\/uploads\/2023\/02\/20-YAYLACI-YAPI-1400_page-0001-768x1086.jpg 768w, https:\/\/istanbulcevre.com\/wp-content\/uploads\/2023\/02\/20-YAYLACI-YAPI-1400_page-0001-1086x1536.jpg 1086w, https:\/\/istanbulcevre.com\/wp-content\/uploads\/2023\/02\/20-YAYLACI-YAPI-1400_page-0001-361x510.jpg 361w\" sizes=\"auto, (max-width: 1241px) 100vw, 1241px\" data-id=\"461\" \/><\/a>\n\t\t\t<\/div><\/figure><figure class='gallery-item'>\n\t\t\t<div class='gallery-icon portrait'>\n\t\t\t\t<a data-elementor-open-lightbox=\"yes\" data-elementor-lightbox-slideshow=\"e63dbe4\" data-elementor-lightbox-title=\"21-YAYLACI YAPI 14001 ENG_page-0001\" e-action-hash=\"#elementor-action%3Aaction%3Dlightbox%26settings%3DeyJpZCI6NDYyLCJ1cmwiOiJodHRwczpcL1wvaXN0YW5idWxjZXZyZS5jb21cL3dwLWNvbnRlbnRcL3VwbG9hZHNcLzIwMjNcLzAyXC8yMS1ZQVlMQUNJLVlBUEktMTQwMDEtRU5HX3BhZ2UtMDAwMS5qcGciLCJzbGlkZXNob3ciOiJlNjNkYmU0In0%3D\" href='https:\/\/istanbulcevre.com\/wp-content\/uploads\/2023\/02\/21-YAYLACI-YAPI-14001-ENG_page-0001.jpg'><img loading=\"lazy\" decoding=\"async\" width=\"1241\" height=\"1755\" src=\"https:\/\/istanbulcevre.com\/wp-content\/uploads\/2023\/02\/21-YAYLACI-YAPI-14001-ENG_page-0001.jpg\" class=\"attachment-full size-full\" alt=\"\" srcset=\"https:\/\/istanbulcevre.com\/wp-content\/uploads\/2023\/02\/21-YAYLACI-YAPI-14001-ENG_page-0001.jpg 1241w, https:\/\/istanbulcevre.com\/wp-content\/uploads\/2023\/02\/21-YAYLACI-YAPI-14001-ENG_page-0001-212x300.jpg 212w, https:\/\/istanbulcevre.com\/wp-content\/uploads\/2023\/02\/21-YAYLACI-YAPI-14001-ENG_page-0001-724x1024.jpg 724w, https:\/\/istanbulcevre.com\/wp-content\/uploads\/2023\/02\/21-YAYLACI-YAPI-14001-ENG_page-0001-768x1086.jpg 768w, https:\/\/istanbulcevre.com\/wp-content\/uploads\/2023\/02\/21-YAYLACI-YAPI-14001-ENG_page-0001-1086x1536.jpg 1086w, https:\/\/istanbulcevre.com\/wp-content\/uploads\/2023\/02\/21-YAYLACI-YAPI-14001-ENG_page-0001-361x510.jpg 361w\" sizes=\"auto, (max-width: 1241px) 100vw, 1241px\" data-id=\"462\" \/><\/a>\n\t\t\t<\/div><\/figure><figure class='gallery-item'>\n\t\t\t<div class='gallery-icon portrait'>\n\t\t\t\t<a data-elementor-open-lightbox=\"yes\" data-elementor-lightbox-slideshow=\"e63dbe4\" data-elementor-lightbox-title=\"22-YAYLACI YAPI 45001 CAS (1)_page-0001\" e-action-hash=\"#elementor-action%3Aaction%3Dlightbox%26settings%3DeyJpZCI6NDYzLCJ1cmwiOiJodHRwczpcL1wvaXN0YW5idWxjZXZyZS5jb21cL3dwLWNvbnRlbnRcL3VwbG9hZHNcLzIwMjNcLzAyXC8yMi1ZQVlMQUNJLVlBUEktNDUwMDEtQ0FTLTFfcGFnZS0wMDAxLmpwZyIsInNsaWRlc2hvdyI6ImU2M2RiZTQifQ%3D%3D\" href='https:\/\/istanbulcevre.com\/wp-content\/uploads\/2023\/02\/22-YAYLACI-YAPI-45001-CAS-1_page-0001.jpg'><img loading=\"lazy\" decoding=\"async\" width=\"1241\" height=\"1755\" src=\"https:\/\/istanbulcevre.com\/wp-content\/uploads\/2023\/02\/22-YAYLACI-YAPI-45001-CAS-1_page-0001.jpg\" class=\"attachment-full size-full\" alt=\"\" srcset=\"https:\/\/istanbulcevre.com\/wp-content\/uploads\/2023\/02\/22-YAYLACI-YAPI-45001-CAS-1_page-0001.jpg 1241w, https:\/\/istanbulcevre.com\/wp-content\/uploads\/2023\/02\/22-YAYLACI-YAPI-45001-CAS-1_page-0001-212x300.jpg 212w, https:\/\/istanbulcevre.com\/wp-content\/uploads\/2023\/02\/22-YAYLACI-YAPI-45001-CAS-1_page-0001-724x1024.jpg 724w, https:\/\/istanbulcevre.com\/wp-content\/uploads\/2023\/02\/22-YAYLACI-YAPI-45001-CAS-1_page-0001-768x1086.jpg 768w, https:\/\/istanbulcevre.com\/wp-content\/uploads\/2023\/02\/22-YAYLACI-YAPI-45001-CAS-1_page-0001-1086x1536.jpg 1086w, https:\/\/istanbulcevre.com\/wp-content\/uploads\/2023\/02\/22-YAYLACI-YAPI-45001-CAS-1_page-0001-361x510.jpg 361w\" sizes=\"auto, (max-width: 1241px) 100vw, 1241px\" data-id=\"463\" \/><\/a>\n\t\t\t<\/div><\/figure><figure class='gallery-item'>\n\t\t\t<div class='gallery-icon portrait'>\n\t\t\t\t<a data-elementor-open-lightbox=\"yes\" data-elementor-lightbox-slideshow=\"e63dbe4\" data-elementor-lightbox-title=\"\u0130STANBUL-\u00c7EVRE-AR\u0130T\u0130M-9001-ENG\" e-action-hash=\"#elementor-action%3Aaction%3Dlightbox%26settings%3DeyJpZCI6NDY0LCJ1cmwiOiJodHRwczpcL1wvaXN0YW5idWxjZXZyZS5jb21cL3dwLWNvbnRlbnRcL3VwbG9hZHNcLzIwMjNcLzAyXC9JU1RBTkJVTC1DRVZSRS1BUklUSU0tOTAwMS1FTkcuanBnIiwic2xpZGVzaG93IjoiZTYzZGJlNCJ9\" href='https:\/\/istanbulcevre.com\/wp-content\/uploads\/2023\/02\/ISTANBUL-CEVRE-ARITIM-9001-ENG.jpg'><img loading=\"lazy\" decoding=\"async\" width=\"1654\" height=\"2339\" src=\"https:\/\/istanbulcevre.com\/wp-content\/uploads\/2023\/02\/ISTANBUL-CEVRE-ARITIM-9001-ENG.jpg\" class=\"attachment-full size-full\" alt=\"\" srcset=\"https:\/\/istanbulcevre.com\/wp-content\/uploads\/2023\/02\/ISTANBUL-CEVRE-ARITIM-9001-ENG.jpg 1654w, https:\/\/istanbulcevre.com\/wp-content\/uploads\/2023\/02\/ISTANBUL-CEVRE-ARITIM-9001-ENG-212x300.jpg 212w, https:\/\/istanbulcevre.com\/wp-content\/uploads\/2023\/02\/ISTANBUL-CEVRE-ARITIM-9001-ENG-724x1024.jpg 724w, https:\/\/istanbulcevre.com\/wp-content\/uploads\/2023\/02\/ISTANBUL-CEVRE-ARITIM-9001-ENG-768x1086.jpg 768w, https:\/\/istanbulcevre.com\/wp-content\/uploads\/2023\/02\/ISTANBUL-CEVRE-ARITIM-9001-ENG-1086x1536.jpg 1086w, https:\/\/istanbulcevre.com\/wp-content\/uploads\/2023\/02\/ISTANBUL-CEVRE-ARITIM-9001-ENG-1448x2048.jpg 1448w, https:\/\/istanbulcevre.com\/wp-content\/uploads\/2023\/02\/ISTANBUL-CEVRE-ARITIM-9001-ENG-361x510.jpg 361w\" sizes=\"auto, (max-width: 1654px) 100vw, 1654px\" data-id=\"464\" \/><\/a>\n\t\t\t<\/div><\/figure><figure class='gallery-item'>\n\t\t\t<div class='gallery-icon portrait'>\n\t\t\t\t<a data-elementor-open-lightbox=\"yes\" data-elementor-lightbox-slideshow=\"e63dbe4\" data-elementor-lightbox-title=\"\u0130STANBUL-\u00c7EVRE-45001CAS-ENG\" e-action-hash=\"#elementor-action%3Aaction%3Dlightbox%26settings%3DeyJpZCI6NDY1LCJ1cmwiOiJodHRwczpcL1wvaXN0YW5idWxjZXZyZS5jb21cL3dwLWNvbnRlbnRcL3VwbG9hZHNcLzIwMjNcLzAyXC9JU1RBTkJVTC1DRVZSRS00NTAwMUNBUy1FTkcuanBnIiwic2xpZGVzaG93IjoiZTYzZGJlNCJ9\" href='https:\/\/istanbulcevre.com\/wp-content\/uploads\/2023\/02\/ISTANBUL-CEVRE-45001CAS-ENG.jpg'><img loading=\"lazy\" decoding=\"async\" width=\"1654\" height=\"2339\" src=\"https:\/\/istanbulcevre.com\/wp-content\/uploads\/2023\/02\/ISTANBUL-CEVRE-45001CAS-ENG.jpg\" class=\"attachment-full size-full\" alt=\"\" srcset=\"https:\/\/istanbulcevre.com\/wp-content\/uploads\/2023\/02\/ISTANBUL-CEVRE-45001CAS-ENG.jpg 1654w, https:\/\/istanbulcevre.com\/wp-content\/uploads\/2023\/02\/ISTANBUL-CEVRE-45001CAS-ENG-212x300.jpg 212w, https:\/\/istanbulcevre.com\/wp-content\/uploads\/2023\/02\/ISTANBUL-CEVRE-45001CAS-ENG-724x1024.jpg 724w, https:\/\/istanbulcevre.com\/wp-content\/uploads\/2023\/02\/ISTANBUL-CEVRE-45001CAS-ENG-768x1086.jpg 768w, https:\/\/istanbulcevre.com\/wp-content\/uploads\/2023\/02\/ISTANBUL-CEVRE-45001CAS-ENG-1086x1536.jpg 1086w, https:\/\/istanbulcevre.com\/wp-content\/uploads\/2023\/02\/ISTANBUL-CEVRE-45001CAS-ENG-1448x2048.jpg 1448w, https:\/\/istanbulcevre.com\/wp-content\/uploads\/2023\/02\/ISTANBUL-CEVRE-45001CAS-ENG-361x510.jpg 361w\" sizes=\"auto, (max-width: 1654px) 100vw, 1654px\" data-id=\"465\" \/><\/a>\n\t\t\t<\/div><\/figure><figure class='gallery-item'>\n\t\t\t<div class='gallery-icon portrait'>\n\t\t\t\t<a data-elementor-open-lightbox=\"yes\" data-elementor-lightbox-slideshow=\"e63dbe4\" data-elementor-lightbox-title=\"\u0130STANBUL-\u00c7EVRE-45001-CAS\" e-action-hash=\"#elementor-action%3Aaction%3Dlightbox%26settings%3DeyJpZCI6NDY2LCJ1cmwiOiJodHRwczpcL1wvaXN0YW5idWxjZXZyZS5jb21cL3dwLWNvbnRlbnRcL3VwbG9hZHNcLzIwMjNcLzAyXC9JU1RBTkJVTC1DRVZSRS00NTAwMS1DQVMuanBnIiwic2xpZGVzaG93IjoiZTYzZGJlNCJ9\" href='https:\/\/istanbulcevre.com\/wp-content\/uploads\/2023\/02\/ISTANBUL-CEVRE-45001-CAS.jpg'><img loading=\"lazy\" decoding=\"async\" width=\"1654\" height=\"2339\" src=\"https:\/\/istanbulcevre.com\/wp-content\/uploads\/2023\/02\/ISTANBUL-CEVRE-45001-CAS.jpg\" class=\"attachment-full size-full\" alt=\"\" srcset=\"https:\/\/istanbulcevre.com\/wp-content\/uploads\/2023\/02\/ISTANBUL-CEVRE-45001-CAS.jpg 1654w, https:\/\/istanbulcevre.com\/wp-content\/uploads\/2023\/02\/ISTANBUL-CEVRE-45001-CAS-212x300.jpg 212w, https:\/\/istanbulcevre.com\/wp-content\/uploads\/2023\/02\/ISTANBUL-CEVRE-45001-CAS-724x1024.jpg 724w, https:\/\/istanbulcevre.com\/wp-content\/uploads\/2023\/02\/ISTANBUL-CEVRE-45001-CAS-768x1086.jpg 768w, https:\/\/istanbulcevre.com\/wp-content\/uploads\/2023\/02\/ISTANBUL-CEVRE-45001-CAS-1086x1536.jpg 1086w, https:\/\/istanbulcevre.com\/wp-content\/uploads\/2023\/02\/ISTANBUL-CEVRE-45001-CAS-1448x2048.jpg 1448w, https:\/\/istanbulcevre.com\/wp-content\/uploads\/2023\/02\/ISTANBUL-CEVRE-45001-CAS-361x510.jpg 361w\" sizes=\"auto, (max-width: 1654px) 100vw, 1654px\" data-id=\"466\" \/><\/a>\n\t\t\t<\/div><\/figure><figure class='gallery-item'>\n\t\t\t<div class='gallery-icon portrait'>\n\t\t\t\t<a data-elementor-open-lightbox=\"yes\" data-elementor-lightbox-slideshow=\"e63dbe4\" data-elementor-lightbox-title=\"\u0130STANBUL-\u00c7EVRE-14001-ENG\" e-action-hash=\"#elementor-action%3Aaction%3Dlightbox%26settings%3DeyJpZCI6NDY3LCJ1cmwiOiJodHRwczpcL1wvaXN0YW5idWxjZXZyZS5jb21cL3dwLWNvbnRlbnRcL3VwbG9hZHNcLzIwMjNcLzAyXC9JU1RBTkJVTC1DRVZSRS0xNDAwMS1FTkcuanBnIiwic2xpZGVzaG93IjoiZTYzZGJlNCJ9\" href='https:\/\/istanbulcevre.com\/wp-content\/uploads\/2023\/02\/ISTANBUL-CEVRE-14001-ENG.jpg'><img loading=\"lazy\" decoding=\"async\" width=\"1654\" height=\"2339\" src=\"https:\/\/istanbulcevre.com\/wp-content\/uploads\/2023\/02\/ISTANBUL-CEVRE-14001-ENG.jpg\" class=\"attachment-full size-full\" alt=\"\" srcset=\"https:\/\/istanbulcevre.com\/wp-content\/uploads\/2023\/02\/ISTANBUL-CEVRE-14001-ENG.jpg 1654w, https:\/\/istanbulcevre.com\/wp-content\/uploads\/2023\/02\/ISTANBUL-CEVRE-14001-ENG-212x300.jpg 212w, https:\/\/istanbulcevre.com\/wp-content\/uploads\/2023\/02\/ISTANBUL-CEVRE-14001-ENG-724x1024.jpg 724w, https:\/\/istanbulcevre.com\/wp-content\/uploads\/2023\/02\/ISTANBUL-CEVRE-14001-ENG-768x1086.jpg 768w, https:\/\/istanbulcevre.com\/wp-content\/uploads\/2023\/02\/ISTANBUL-CEVRE-14001-ENG-1086x1536.jpg 1086w, https:\/\/istanbulcevre.com\/wp-content\/uploads\/2023\/02\/ISTANBUL-CEVRE-14001-ENG-1448x2048.jpg 1448w, https:\/\/istanbulcevre.com\/wp-content\/uploads\/2023\/02\/ISTANBUL-CEVRE-14001-ENG-361x510.jpg 361w\" sizes=\"auto, (max-width: 1654px) 100vw, 1654px\" data-id=\"467\" \/><\/a>\n\t\t\t<\/div><\/figure><figure class='gallery-item'>\n\t\t\t<div class='gallery-icon portrait'>\n\t\t\t\t<a data-elementor-open-lightbox=\"yes\" data-elementor-lightbox-slideshow=\"e63dbe4\" data-elementor-lightbox-title=\"\u0130STANBUL-\u00c7EVRE-14001\" e-action-hash=\"#elementor-action%3Aaction%3Dlightbox%26settings%3DeyJpZCI6NDY4LCJ1cmwiOiJodHRwczpcL1wvaXN0YW5idWxjZXZyZS5jb21cL3dwLWNvbnRlbnRcL3VwbG9hZHNcLzIwMjNcLzAyXC9JU1RBTkJVTC1DRVZSRS0xNDAwMS5qcGciLCJzbGlkZXNob3ciOiJlNjNkYmU0In0%3D\" href='https:\/\/istanbulcevre.com\/wp-content\/uploads\/2023\/02\/ISTANBUL-CEVRE-14001.jpg'><img loading=\"lazy\" decoding=\"async\" width=\"1654\" height=\"2339\" src=\"https:\/\/istanbulcevre.com\/wp-content\/uploads\/2023\/02\/ISTANBUL-CEVRE-14001.jpg\" class=\"attachment-full size-full\" alt=\"\" srcset=\"https:\/\/istanbulcevre.com\/wp-content\/uploads\/2023\/02\/ISTANBUL-CEVRE-14001.jpg 1654w, https:\/\/istanbulcevre.com\/wp-content\/uploads\/2023\/02\/ISTANBUL-CEVRE-14001-212x300.jpg 212w, https:\/\/istanbulcevre.com\/wp-content\/uploads\/2023\/02\/ISTANBUL-CEVRE-14001-724x1024.jpg 724w, https:\/\/istanbulcevre.com\/wp-content\/uploads\/2023\/02\/ISTANBUL-CEVRE-14001-768x1086.jpg 768w, https:\/\/istanbulcevre.com\/wp-content\/uploads\/2023\/02\/ISTANBUL-CEVRE-14001-1086x1536.jpg 1086w, https:\/\/istanbulcevre.com\/wp-content\/uploads\/2023\/02\/ISTANBUL-CEVRE-14001-1448x2048.jpg 1448w, https:\/\/istanbulcevre.com\/wp-content\/uploads\/2023\/02\/ISTANBUL-CEVRE-14001-361x510.jpg 361w\" sizes=\"auto, (max-width: 1654px) 100vw, 1654px\" data-id=\"468\" \/><\/a>\n\t\t\t<\/div><\/figure><figure class='gallery-item'>\n\t\t\t<div class='gallery-icon portrait'>\n\t\t\t\t<a data-elementor-open-lightbox=\"yes\" data-elementor-lightbox-slideshow=\"e63dbe4\" data-elementor-lightbox-title=\"\u0130STANBUL-\u00c7EVRE-9001\" e-action-hash=\"#elementor-action%3Aaction%3Dlightbox%26settings%3DeyJpZCI6NDY5LCJ1cmwiOiJodHRwczpcL1wvaXN0YW5idWxjZXZyZS5jb21cL3dwLWNvbnRlbnRcL3VwbG9hZHNcLzIwMjNcLzAyXC9JU1RBTkJVTC1DRVZSRS05MDAxLmpwZyIsInNsaWRlc2hvdyI6ImU2M2RiZTQifQ%3D%3D\" href='https:\/\/istanbulcevre.com\/wp-content\/uploads\/2023\/02\/ISTANBUL-CEVRE-9001.jpg'><img loading=\"lazy\" decoding=\"async\" width=\"1654\" height=\"2339\" src=\"https:\/\/istanbulcevre.com\/wp-content\/uploads\/2023\/02\/ISTANBUL-CEVRE-9001.jpg\" class=\"attachment-full size-full\" alt=\"\" srcset=\"https:\/\/istanbulcevre.com\/wp-content\/uploads\/2023\/02\/ISTANBUL-CEVRE-9001.jpg 1654w, https:\/\/istanbulcevre.com\/wp-content\/uploads\/2023\/02\/ISTANBUL-CEVRE-9001-212x300.jpg 212w, https:\/\/istanbulcevre.com\/wp-content\/uploads\/2023\/02\/ISTANBUL-CEVRE-9001-724x1024.jpg 724w, https:\/\/istanbulcevre.com\/wp-content\/uploads\/2023\/02\/ISTANBUL-CEVRE-9001-768x1086.jpg 768w, https:\/\/istanbulcevre.com\/wp-content\/uploads\/2023\/02\/ISTANBUL-CEVRE-9001-1086x1536.jpg 1086w, https:\/\/istanbulcevre.com\/wp-content\/uploads\/2023\/02\/ISTANBUL-CEVRE-9001-1448x2048.jpg 1448w, https:\/\/istanbulcevre.com\/wp-content\/uploads\/2023\/02\/ISTANBUL-CEVRE-9001-361x510.jpg 361w\" sizes=\"auto, (max-width: 1654px) 100vw, 1654px\" data-id=\"469\" \/><\/a>\n\t\t\t<\/div><\/figure>\n\t\t<\/div>\n\t\t<\/div>\n\t\t\t\t<\/div>\n\t\t\t\t<\/div>\n\t\t\t\t\t<\/div>\n\t\t<\/div>\n\t\t\t\t\t\t\t<\/div>\n\t\t<\/section>\n\t\t\t\t\t\t\t<\/div>","protected":false},"excerpt":{"rendered":"","protected":false},"author":1,"featured_media":0,"parent":0,"menu_order":0,"comment_status":"closed","ping_status":"closed","template":"","meta":{"footnotes":""},"class_list":["post-377","page","type-page","status-publish","hentry"],"_links":{"self":[{"href":"https:\/\/istanbulcevre.com\/en\/wp-json\/wp\/v2\/pages\/377","targetHints":{"allow":["GET"]}}],"collection":[{"href":"https:\/\/istanbulcevre.com\/en\/wp-json\/wp\/v2\/pages"}],"about":[{"href":"https:\/\/istanbulcevre.com\/en\/wp-json\/wp\/v2\/types\/page"}],"author":[{"embeddable":true,"href":"https:\/\/istanbulcevre.com\/en\/wp-json\/wp\/v2\/users\/1"}],"replies":[{"embeddable":true,"href":"https:\/\/istanbulcevre.com\/en\/wp-json\/wp\/v2\/comments?post=377"}],"version-history":[{"count":4,"href":"https:\/\/istanbulcevre.com\/en\/wp-json\/wp\/v2\/pages\/377\/revisions"}],"predecessor-version":[{"id":472,"href":"https:\/\/istanbulcevre.com\/en\/wp-json\/wp\/v2\/pages\/377\/revisions\/472"}],"wp:attachment":[{"href":"https:\/\/istanbulcevre.com\/en\/wp-json\/wp\/v2\/media?parent=377"}],"curies":[{"name":"wp","href":"https:\/\/api.w.org\/{rel}","templated":true}]}}