{"id":375,"date":"2023-02-13T14:13:58","date_gmt":"2023-02-13T14:13:58","guid":{"rendered":"https:\/\/sitedemosu.com.tr\/istanbulcevre\/?page_id=375"},"modified":"2023-04-24T18:00:37","modified_gmt":"2023-04-24T15:00:37","slug":"kalite-politikasi","status":"publish","type":"page","link":"https:\/\/istanbulcevre.com\/en\/kalite-politikasi\/","title":{"rendered":"Quality Policy"},"content":{"rendered":"<div data-elementor-type=\"wp-page\" data-elementor-id=\"375\" class=\"elementor elementor-375\">\n\t\t\t\t\t\t\t\t\t<section class=\"elementor-section elementor-top-section elementor-element elementor-element-f06475d tm-column-break-ipad-no tm-col-stretched-none elementor-section-boxed elementor-section-height-default elementor-section-height-default\" data-id=\"f06475d\" data-element_type=\"section\">\n\t\t\t\t\t\t<div class=\"elementor-container elementor-column-gap-default\">\n\t\t\t\t\t<div class=\"elementor-column elementor-col-50 elementor-top-column elementor-element elementor-element-b5bbb70\" data-id=\"b5bbb70\" data-element_type=\"column\">\n\t\t\t<div class=\"elementor-widget-wrap elementor-element-populated\">\n\t\t\t\t\t\t\t\t<div class=\"elementor-element elementor-element-3fe4d7c elementor-widget elementor-widget-heading\" data-id=\"3fe4d7c\" data-element_type=\"widget\" data-widget_type=\"heading.default\">\n\t\t\t\t<div class=\"elementor-widget-container\">\n\t\t\t<style>\/*! elementor - v3.10.2 - 29-01-2023 *\/\n.elementor-heading-title{padding:0;margin:0;line-height:1}.elementor-widget-heading .elementor-heading-title[class*=elementor-size-]>a{color:inherit;font-size:inherit;line-height:inherit}.elementor-widget-heading .elementor-heading-title.elementor-size-small{font-size:15px}.elementor-widget-heading .elementor-heading-title.elementor-size-medium{font-size:19px}.elementor-widget-heading .elementor-heading-title.elementor-size-large{font-size:29px}.elementor-widget-heading .elementor-heading-title.elementor-size-xl{font-size:39px}.elementor-widget-heading .elementor-heading-title.elementor-size-xxl{font-size:59px}<\/style><h2 class=\"elementor-heading-title elementor-size-default\">QUALITY POLICY\n<\/h2>\t\t<\/div>\n\t\t\t\t<\/div>\n\t\t\t\t<div class=\"elementor-element elementor-element-a15eadc elementor-widget elementor-widget-text-editor\" data-id=\"a15eadc\" data-element_type=\"widget\" data-widget_type=\"text-editor.default\">\n\t\t\t\t<div class=\"elementor-widget-container\">\n\t\t\t<style>\/*! elementor - v3.10.2 - 29-01-2023 *\/\n.elementor-widget-text-editor.elementor-drop-cap-view-stacked .elementor-drop-cap{background-color:#818a91;color:#fff}.elementor-widget-text-editor.elementor-drop-cap-view-framed .elementor-drop-cap{color:#818a91;border:3px solid;background-color:transparent}.elementor-widget-text-editor:not(.elementor-drop-cap-view-default) .elementor-drop-cap{margin-top:8px}.elementor-widget-text-editor:not(.elementor-drop-cap-view-default) .elementor-drop-cap-letter{width:1em;height:1em}.elementor-widget-text-editor .elementor-drop-cap{float:left;text-align:center;line-height:1;font-size:50px}.elementor-widget-text-editor .elementor-drop-cap-letter{display:inline-block}<\/style>\t\t\t\t<p>Our company offers the most efficient, sustainable and economical facilities that transform its environmental requirements into sustainable investments that respect nature by blending it with industrial dynamism and experience.<\/p><p><br \/>In order to raise healthy generations and ensure sustainable access to clean water, we are working towards improvement day by day in order to realize all the investments made in this field.<\/p><p><br \/>Our company presents solutions that prove itself comply with the relevant legislation for all the projects we have realized and will realize.\nAdhering to the requirements of company policies in line with our goals is our most important goal.<br \/>Hedeflerimiz do\u011frultusunda \u015firket politikalar\u0131n\u0131n gerekliliklerine ba\u011fl\u0131 kalmak en \u00f6nemli\u00a0amac\u0131m\u0131zd\u0131r.<\/p>\t\t\t\t\t\t<\/div>\n\t\t\t\t<\/div>\n\t\t\t\t\t<\/div>\n\t\t<\/div>\n\t\t\t\t<div class=\"elementor-column elementor-col-50 elementor-top-column elementor-element elementor-element-b1c9df5\" data-id=\"b1c9df5\" data-element_type=\"column\">\n\t\t\t<div class=\"elementor-widget-wrap elementor-element-populated\">\n\t\t\t\t\t\t\t\t<div class=\"elementor-element elementor-element-1e84254 elementor-widget elementor-widget-image\" data-id=\"1e84254\" data-element_type=\"widget\" data-widget_type=\"image.default\">\n\t\t\t\t<div class=\"elementor-widget-container\">\n\t\t\t<style>\/*! elementor - v3.10.2 - 29-01-2023 *\/\n.elementor-widget-image{text-align:center}.elementor-widget-image a{display:inline-block}.elementor-widget-image a img[src$=\".svg\"]{width:48px}.elementor-widget-image img{vertical-align:middle;display:inline-block}<\/style>\t\t\t\t\t\t\t\t\t\t\t\t<img loading=\"lazy\" decoding=\"async\" width=\"847\" height=\"572\" src=\"https:\/\/istanbulcevre.com\/wp-content\/uploads\/2023\/04\/kalite-1024x691.jpg\" class=\"attachment-large size-large wp-image-1082\" alt=\"\" srcset=\"https:\/\/istanbulcevre.com\/wp-content\/uploads\/2023\/04\/kalite-1024x691.jpg 1024w, https:\/\/istanbulcevre.com\/wp-content\/uploads\/2023\/04\/kalite-300x202.jpg 300w, https:\/\/istanbulcevre.com\/wp-content\/uploads\/2023\/04\/kalite-768x518.jpg 768w, https:\/\/istanbulcevre.com\/wp-content\/uploads\/2023\/04\/kalite-1536x1036.jpg 1536w, https:\/\/istanbulcevre.com\/wp-content\/uploads\/2023\/04\/kalite-18x12.jpg 18w, https:\/\/istanbulcevre.com\/wp-content\/uploads\/2023\/04\/kalite-445x300.jpg 445w, https:\/\/istanbulcevre.com\/wp-content\/uploads\/2023\/04\/kalite-650x439.jpg 650w, https:\/\/istanbulcevre.com\/wp-content\/uploads\/2023\/04\/kalite.jpg 1685w\" sizes=\"auto, (max-width: 847px) 100vw, 847px\" data-id=\"1082\" \/>\t\t\t\t\t\t\t\t\t\t\t\t\t\t\t<\/div>\n\t\t\t\t<\/div>\n\t\t\t\t\t<\/div>\n\t\t<\/div>\n\t\t\t\t\t\t\t<\/div>\n\t\t<\/section>\n\t\t\t\t\t\t\t<\/div>","protected":false},"excerpt":{"rendered":"<p>KAL\u0130TE POL\u0130T\u0130KASI \u00c7evresel gereksinimlerini, end\u00fcstriyel dinamizm ve tecr\u00fcbeyle harmanlayarak, do\u011faya sayg\u0131l\u0131, s\u00fcrd\u00fcr\u00fclebilir yat\u0131r\u0131mlara d\u00f6n\u00fc\u015ft\u00fcren en verimli, en s\u00fcrd\u00fcr\u00fclebilir, en ekonomik tesislerini hizmete sunar. Sa\u011fl\u0131kl\u0131 nesillerin yeti\u015febilmesi ve temiz suya olan eri\u015fimin s\u00fcrd\u00fcr\u00fclebilir olmas\u0131 i\u00e7in bu alanda yap\u0131lan t\u00fcm yat\u0131r\u0131mlar\u0131 hayata ge\u00e7irmek \u00fczere her ge\u00e7en g\u00fcn iyile\u015ftirme y\u00f6n\u00fcnde \u00e7al\u0131\u015fmaktad\u0131r. Ger\u00e7ekle\u015ftirdi\u011fimiz ve ger\u00e7ekle\u015ftirece\u011fimiz t\u00fcm projeler i\u00e7in ilgili &hellip; <a href=\"https:\/\/istanbulcevre.com\/en\/kalite-politikasi\/\" class=\"more-link\">Continue reading <span class=\"screen-reader-text\">Quality Policy<\/span><\/a><\/p>","protected":false},"author":1,"featured_media":0,"parent":0,"menu_order":0,"comment_status":"closed","ping_status":"closed","template":"","meta":{"footnotes":""},"class_list":["post-375","page","type-page","status-publish","hentry"],"_links":{"self":[{"href":"https:\/\/istanbulcevre.com\/en\/wp-json\/wp\/v2\/pages\/375","targetHints":{"allow":["GET"]}}],"collection":[{"href":"https:\/\/istanbulcevre.com\/en\/wp-json\/wp\/v2\/pages"}],"about":[{"href":"https:\/\/istanbulcevre.com\/en\/wp-json\/wp\/v2\/types\/page"}],"author":[{"embeddable":true,"href":"https:\/\/istanbulcevre.com\/en\/wp-json\/wp\/v2\/users\/1"}],"replies":[{"embeddable":true,"href":"https:\/\/istanbulcevre.com\/en\/wp-json\/wp\/v2\/comments?post=375"}],"version-history":[{"count":7,"href":"https:\/\/istanbulcevre.com\/en\/wp-json\/wp\/v2\/pages\/375\/revisions"}],"predecessor-version":[{"id":1088,"href":"https:\/\/istanbulcevre.com\/en\/wp-json\/wp\/v2\/pages\/375\/revisions\/1088"}],"wp:attachment":[{"href":"https:\/\/istanbulcevre.com\/en\/wp-json\/wp\/v2\/media?parent=375"}],"curies":[{"name":"wp","href":"https:\/\/api.w.org\/{rel}","templated":true}]}}